{"id":1261,"date":"2023-05-15T17:10:25","date_gmt":"2023-05-15T15:10:25","guid":{"rendered":"http:\/\/753.schniering.com\/?page_id=1261"},"modified":"2023-07-28T14:19:31","modified_gmt":"2023-07-28T12:19:31","slug":"mention-dimpression","status":"publish","type":"page","link":"https:\/\/schniering.com\/fr\/mention-dimpression\/","title":{"rendered":"Mention d&rsquo;impression"},"content":{"rendered":"<h1>Mentions<strong> l\u00e9gales<\/strong><\/h1>\n<h2><strong>Informations selon \u00a7 5 TMG<\/strong><\/h2>\n<p>Schniering GmbH<br \/>\nHeegstra\u00dfe 60<br \/>\n45356 Essen<\/p>\n<p>Registre du commerce: \u00a0\u00a0\u00a0\u00a0\u00a0\u00a0\u00a0\u00a0\u00a0\u00a0\u00a0 1148<\/p>\n<p>Cour de registre:\u00a0\u00a0\u00a0\u00a0\u00a0\u00a0\u00a0\u00a0\u00a0\u00a0\u00a0\u00a0\u00a0\u00a0\u00a0\u00a0\u00a0\u00a0\u00a0\u00a0\u00a0 Amtsgericht Essen<\/p>\n<p>&nbsp;<\/p>\n<p>Repr\u00e9sent\u00e9 par:<\/p>\n<p>Volker Jakobi<\/p>\n<p>Philippe Rabut<\/p>\n<p>&nbsp;<\/p>\n<h2><strong>Contact<\/strong><\/h2>\n<p>T\u00e9l\u00e9phone:\u00a0\u00a0\u00a0\u00a0\u00a0\u00a0 +49 (0) 201 \/ 86139 &#8211; 0<br \/>\nT\u00e9l\u00e9fax:\u00a0\u00a0\u00a0\u00a0\u00a0\u00a0\u00a0\u00a0\u00a0\u00a0\u00a0 +49 (0) 201 \/ 86139 &#8211; 22<br \/>\nE-Mail:\u00a0\u00a0\u00a0\u00a0\u00a0\u00a0\u00a0\u00a0\u00a0\u00a0\u00a0\u00a0 info[at]schniering.com<\/p>\n<p><strong>\u00a0<\/strong><\/p>\n<h2><strong>Num\u00e9ro de TVA<\/strong><\/h2>\n<p>Num\u00e9ro d&rsquo;identification de la taxe sur le chiffre d&rsquo;affaires conform\u00e9ment au \u00a7 27 a de la loi sur la taxe sur le chiffre d&rsquo;affaires<\/p>\n<p>DE119 659 678<\/p>\n<p>&nbsp;<\/p>\n<h2><strong>Participation aux litiges de consommation \/ Organe universel de conciliation<\/strong><\/h2>\n<p>Nous ne sommes pas pr\u00eats ou oblig\u00e9s de participer \u00e0 des proc\u00e9dures de r\u00e8glement des litiges devant un organisme de conciliation des consommateurs.<\/p>\n<p><strong>\u00a0<\/strong><\/p>\n<h2><strong>Clause de non-responsabilit\u00e9<\/strong><\/h2>\n<p><strong>\u00a0<\/strong><\/p>\n<p>Malgr\u00e9 un contr\u00f4le minutieux du contenu, nous n&rsquo;assumons aucune responsabilit\u00e9 pour le contenu des liens externes. Seuls les exploitants des pages li\u00e9es sont responsables de leur contenu.<\/p>\n<p>&nbsp;<\/p>\n<p>L&rsquo;exploitant de ce site Internet n&rsquo;assume aucune garantie quant \u00e0 l&rsquo;actualit\u00e9, l&rsquo;exactitude, l&rsquo;exhaustivit\u00e9 ou la qualit\u00e9 des informations mises \u00e0 disposition.<\/p>\n<p>&nbsp;<\/p>\n<p>Toute pr\u00e9tention en responsabilit\u00e9 \u00e0 son encontre se rapportant \u00e0 des dommages mat\u00e9riels ou immat\u00e9riels caus\u00e9s par l&rsquo;utilisation ou la non-utilisation des informations pr\u00e9sent\u00e9es ou par l&rsquo;utilisation d&rsquo;informations erron\u00e9es ou incompl\u00e8tes est fondamentalement exclue, dans la mesure o\u00f9 il est prouv\u00e9 qu&rsquo;aucune faute intentionnelle n&rsquo;a \u00e9t\u00e9 commise par l&rsquo;exploitant. Tous droits r\u00e9serv\u00e9s, toutes les indications sans garantie, sous r\u00e9serve de modifications. L&rsquo;utilisation de textes et d&rsquo;images n&rsquo;est autoris\u00e9e qu&rsquo;avec l&rsquo;accord explicite de Schniering GmbH.<\/p>\n","protected":false},"excerpt":{"rendered":"<p>Mentions l\u00e9gales Informations selon \u00a7 5 TMG Schniering GmbH Heegstra\u00dfe 60 45356 Essen Registre du commerce: \u00a0\u00a0\u00a0\u00a0\u00a0\u00a0\u00a0\u00a0\u00a0\u00a0\u00a0 1148 Cour de registre:\u00a0\u00a0\u00a0\u00a0\u00a0\u00a0\u00a0\u00a0\u00a0\u00a0\u00a0\u00a0\u00a0\u00a0\u00a0\u00a0\u00a0\u00a0\u00a0\u00a0\u00a0 Amtsgericht Essen &nbsp; Repr\u00e9sent\u00e9 par: Volker Jakobi Philippe Rabut &nbsp; Contact T\u00e9l\u00e9phone:\u00a0\u00a0\u00a0\u00a0\u00a0\u00a0 +49 (0) 201 \/ 86139 &#8211; 0 T\u00e9l\u00e9fax:\u00a0\u00a0\u00a0\u00a0\u00a0\u00a0\u00a0\u00a0\u00a0\u00a0\u00a0 +49 (0) 201 \/ 86139 &#8211; 22 E-Mail:\u00a0\u00a0\u00a0\u00a0\u00a0\u00a0\u00a0\u00a0\u00a0\u00a0\u00a0\u00a0 info[at]schniering.com \u00a0 Num\u00e9ro de TVA Num\u00e9ro [&hellip;]<\/p>\n","protected":false},"author":1,"featured_media":0,"parent":0,"menu_order":0,"comment_status":"closed","ping_status":"closed","template":"","meta":{"footnotes":""},"class_list":["post-1261","page","type-page","status-publish","hentry"],"_links":{"self":[{"href":"https:\/\/schniering.com\/fr\/wp-json\/wp\/v2\/pages\/1261","targetHints":{"allow":["GET"]}}],"collection":[{"href":"https:\/\/schniering.com\/fr\/wp-json\/wp\/v2\/pages"}],"about":[{"href":"https:\/\/schniering.com\/fr\/wp-json\/wp\/v2\/types\/page"}],"author":[{"embeddable":true,"href":"https:\/\/schniering.com\/fr\/wp-json\/wp\/v2\/users\/1"}],"replies":[{"embeddable":true,"href":"https:\/\/schniering.com\/fr\/wp-json\/wp\/v2\/comments?post=1261"}],"version-history":[{"count":0,"href":"https:\/\/schniering.com\/fr\/wp-json\/wp\/v2\/pages\/1261\/revisions"}],"wp:attachment":[{"href":"https:\/\/schniering.com\/fr\/wp-json\/wp\/v2\/media?parent=1261"}],"curies":[{"name":"wp","href":"https:\/\/api.w.org\/{rel}","templated":true}]}}