{"id":857,"date":"2015-10-22T15:32:14","date_gmt":"2015-10-22T13:32:14","guid":{"rendered":"http:\/\/753.schniering.com\/releve-des-images-denvironnement\/"},"modified":"2023-07-31T16:05:04","modified_gmt":"2023-07-31T14:05:04","slug":"releve-des-images-denvironnement","status":"publish","type":"page","link":"https:\/\/schniering.com\/fr\/releve-des-images-denvironnement\/","title":{"rendered":"Relev\u00e9 des images d\u2019environnement"},"content":{"rendered":"\n<style type=\"text\/css\" data-created_by=\"avia_inline_auto\" id=\"style-css-av-2u7ias-c96942e4afb3aa112d5ec6c672cc6c91\">\n#top .flex_column.av-2u7ias-c96942e4afb3aa112d5ec6c672cc6c91{\nmargin-top:0px;\nmargin-bottom:0px;\n}\n.flex_column.av-2u7ias-c96942e4afb3aa112d5ec6c672cc6c91{\nborder-radius:0px 0px 0px 0px;\npadding:0px 0px 0px 0px;\n}\n.responsive #top #wrap_all .flex_column.av-2u7ias-c96942e4afb3aa112d5ec6c672cc6c91{\nmargin-top:0px;\nmargin-bottom:0px;\n}\n<\/style>\n<div  class='flex_column av-2u7ias-c96942e4afb3aa112d5ec6c672cc6c91 av_one_full  avia-builder-el-0  el_before_av_one_third  avia-builder-el-first  first flex_column_div av-animated-generic bottom-to-top av-zero-column-padding  '     ><p>\n<style type=\"text\/css\" data-created_by=\"avia_inline_auto\" id=\"style-css-av-2oklik-fbdf59afd1feee69fdf0810dacd67875\">\n#top .av-special-heading.av-2oklik-fbdf59afd1feee69fdf0810dacd67875{\npadding-bottom:0;\n}\nbody .av-special-heading.av-2oklik-fbdf59afd1feee69fdf0810dacd67875 .av-special-heading-tag .heading-char{\nfont-size:25px;\n}\n.av-special-heading.av-2oklik-fbdf59afd1feee69fdf0810dacd67875 .av-subheading{\nfont-size:15px;\n}\n<\/style>\n<div  class='av-special-heading av-2oklik-fbdf59afd1feee69fdf0810dacd67875 av-special-heading-h1 blockquote modern-quote  avia-builder-el-1  el_before_av_hr  avia-builder-el-first '><h1 class='av-special-heading-tag '  itemprop=\"headline\"  >Relev\u00e9 des images d\u2019environnement<\/h1><div class=\"special-heading-border\"><div class=\"special-heading-inner-border\"><\/div><\/div><\/div><br \/>\n\n<style type=\"text\/css\" data-created_by=\"avia_inline_auto\" id=\"style-css-av-2m2ynw-91bb7126527f9e26fdf50c51626fa682\">\n#top .hr.av-2m2ynw-91bb7126527f9e26fdf50c51626fa682{\nmargin-top:10px;\nmargin-bottom:10px;\n}\n.hr.av-2m2ynw-91bb7126527f9e26fdf50c51626fa682 .hr-inner{\nwidth:50px;\nborder-color:#efbb20;\n}\n<\/style>\n<div  class='hr av-2m2ynw-91bb7126527f9e26fdf50c51626fa682 hr-custom  avia-builder-el-2  el_after_av_heading  el_before_av_textblock  hr-left hr-icon-no'><span class='hr-inner inner-border-av-border-fat'><span class=\"hr-inner-style\"><\/span><\/span><\/div><br \/>\n<section  class='av_textblock_section av-29svjg-ec601078b5ea782e8aa970b6f0a44a6a '   itemscope=\"itemscope\" itemtype=\"https:\/\/schema.org\/CreativeWork\" ><div class='avia_textblock'  itemprop=\"text\" ><p>Dans le cadre de la saisie de l&rsquo;\u00e9tat des routes, le v\u00e9hicule de mesure <b>ARGUS<sup>\u00ae<\/sup><\/b>\u00a0ssaisit de mani\u00e8re standard des prises de vue au moyen d&rsquo;une cam\u00e9ra frontale haute r\u00e9solution. Ces prises de vue peuvent \u00eatre compl\u00e9t\u00e9es par une cam\u00e9ra lat\u00e9rale gauche et \/ ou droite, ce qui permet d&rsquo;obtenir une prise de vue panoramique avec un angle de vue d&rsquo;environ 170\u00b0.<\/p>\n<\/div><\/section><\/p><\/div>\n\n<style type=\"text\/css\" data-created_by=\"avia_inline_auto\" id=\"style-css-av-2er5r0-ba30aa320a7f0df6e9d8cd4e19045462\">\n#top .flex_column.av-2er5r0-ba30aa320a7f0df6e9d8cd4e19045462{\nmargin-top:0px;\nmargin-bottom:0px;\n}\n.flex_column.av-2er5r0-ba30aa320a7f0df6e9d8cd4e19045462{\nwidth:32.666666666667%;\nborder-radius:0px 0px 0px 0px;\npadding:0px 0px 0px 0px;\n}\n.responsive #top #wrap_all .flex_column.av-2er5r0-ba30aa320a7f0df6e9d8cd4e19045462{\nmargin-top:0px;\nmargin-bottom:0px;\n}\n<\/style>\n<div  class='flex_column av-2er5r0-ba30aa320a7f0df6e9d8cd4e19045462 av_one_third  avia-builder-el-4  el_after_av_one_full  el_before_av_one_third  first flex_column_div av-animated-generic bottom-to-top av-zero-column-padding  column-top-margin'     ><style type=\"text\/css\" data-created_by=\"avia_inline_auto\" id=\"style-css-av-lhq2ckr0-631790156ef5fca1306c8ba093d6453a\">\n.avia-image-container.av-lhq2ckr0-631790156ef5fca1306c8ba093d6453a img.avia_image{\nbox-shadow:none;\n}\n.avia-image-container.av-lhq2ckr0-631790156ef5fca1306c8ba093d6453a .av-image-caption-overlay-center{\ncolor:#ffffff;\n}\n<\/style>\n<div  class='avia-image-container av-lhq2ckr0-631790156ef5fca1306c8ba093d6453a av-styling- avia-align-center  avia-builder-el-5  avia-builder-el-no-sibling '   itemprop=\"image\" itemscope=\"itemscope\" itemtype=\"https:\/\/schema.org\/ImageObject\" ><div class=\"avia-image-container-inner\"><div class=\"avia-image-overlay-wrap\"><img decoding=\"async\" fetchpriority=\"high\" class='wp-image-762 avia-img-lazy-loading-not-762 avia_image ' src=\"https:\/\/schniering.com\/wp-content\/uploads\/2023\/05\/B03_M4132Z08_054020.jpg\" alt='' title='M4132Z08B03_M4132Z08_054020.jpg'  height=\"1080\" width=\"1920\"  itemprop=\"thumbnailUrl\" srcset=\"https:\/\/schniering.com\/wp-content\/uploads\/2023\/05\/B03_M4132Z08_054020.jpg 1920w, https:\/\/schniering.com\/wp-content\/uploads\/2023\/05\/B03_M4132Z08_054020-300x169.jpg 300w, https:\/\/schniering.com\/wp-content\/uploads\/2023\/05\/B03_M4132Z08_054020-1030x579.jpg 1030w, https:\/\/schniering.com\/wp-content\/uploads\/2023\/05\/B03_M4132Z08_054020-768x432.jpg 768w, https:\/\/schniering.com\/wp-content\/uploads\/2023\/05\/B03_M4132Z08_054020-1536x864.jpg 1536w, https:\/\/schniering.com\/wp-content\/uploads\/2023\/05\/B03_M4132Z08_054020-1500x844.jpg 1500w, https:\/\/schniering.com\/wp-content\/uploads\/2023\/05\/B03_M4132Z08_054020-705x397.jpg 705w\" sizes=\"(max-width: 1920px) 100vw, 1920px\" \/><\/div><\/div><\/div><\/div>\n\n<style type=\"text\/css\" data-created_by=\"avia_inline_auto\" id=\"style-css-av-dg9r0-48fa8421b0b689a6e3fcc43b9f34b644\">\n#top .flex_column.av-dg9r0-48fa8421b0b689a6e3fcc43b9f34b644{\nmargin-top:0px;\nmargin-bottom:0px;\n}\n.flex_column.av-dg9r0-48fa8421b0b689a6e3fcc43b9f34b644{\nwidth:32.666666666667%;\nmargin-left:1%;\nborder-radius:0px 0px 0px 0px;\npadding:0px 0px 0px 0px;\n}\n.responsive #top #wrap_all .flex_column.av-dg9r0-48fa8421b0b689a6e3fcc43b9f34b644{\nmargin-top:0px;\nmargin-bottom:0px;\n}\n<\/style>\n<div  class='flex_column av-dg9r0-48fa8421b0b689a6e3fcc43b9f34b644 av_one_third  avia-builder-el-6  el_after_av_one_third  el_before_av_one_third  flex_column_div av-animated-generic bottom-to-top av-zero-column-padding  column-top-margin'     ><style type=\"text\/css\" data-created_by=\"avia_inline_auto\" id=\"style-css-av-lhq2cs3f-a6c2cb0713bb7aeffa5a9b84464c33ab\">\n.avia-image-container.av-lhq2cs3f-a6c2cb0713bb7aeffa5a9b84464c33ab img.avia_image{\nbox-shadow:none;\n}\n.avia-image-container.av-lhq2cs3f-a6c2cb0713bb7aeffa5a9b84464c33ab .av-image-caption-overlay-center{\ncolor:#ffffff;\n}\n<\/style>\n<div  class='avia-image-container av-lhq2cs3f-a6c2cb0713bb7aeffa5a9b84464c33ab av-styling- avia-align-center  avia-builder-el-7  avia-builder-el-no-sibling '   itemprop=\"image\" itemscope=\"itemscope\" itemtype=\"https:\/\/schema.org\/ImageObject\" ><div class=\"avia-image-container-inner\"><div class=\"avia-image-overlay-wrap\"><img decoding=\"async\" fetchpriority=\"high\" class='wp-image-758 avia-img-lazy-loading-not-758 avia_image ' src=\"https:\/\/schniering.com\/wp-content\/uploads\/2023\/05\/B01_M4132Z08_054020.jpg\" alt='' title='M4132Z08B01_M4132Z08_054020.jpg'  height=\"1080\" width=\"1920\"  itemprop=\"thumbnailUrl\" srcset=\"https:\/\/schniering.com\/wp-content\/uploads\/2023\/05\/B01_M4132Z08_054020.jpg 1920w, https:\/\/schniering.com\/wp-content\/uploads\/2023\/05\/B01_M4132Z08_054020-300x169.jpg 300w, https:\/\/schniering.com\/wp-content\/uploads\/2023\/05\/B01_M4132Z08_054020-1030x579.jpg 1030w, https:\/\/schniering.com\/wp-content\/uploads\/2023\/05\/B01_M4132Z08_054020-768x432.jpg 768w, https:\/\/schniering.com\/wp-content\/uploads\/2023\/05\/B01_M4132Z08_054020-1536x864.jpg 1536w, https:\/\/schniering.com\/wp-content\/uploads\/2023\/05\/B01_M4132Z08_054020-1500x844.jpg 1500w, https:\/\/schniering.com\/wp-content\/uploads\/2023\/05\/B01_M4132Z08_054020-705x397.jpg 705w\" sizes=\"(max-width: 1920px) 100vw, 1920px\" \/><\/div><\/div><\/div><\/div>\n\n<style type=\"text\/css\" data-created_by=\"avia_inline_auto\" id=\"style-css-av-73ap0-86ef3bc90b04bc000d1fa1fd9c43bf69\">\n#top .flex_column.av-73ap0-86ef3bc90b04bc000d1fa1fd9c43bf69{\nmargin-top:0px;\nmargin-bottom:0px;\n}\n.flex_column.av-73ap0-86ef3bc90b04bc000d1fa1fd9c43bf69{\nwidth:32.666666666667%;\nmargin-left:1%;\nborder-radius:0px 0px 0px 0px;\npadding:0px 0px 0px 0px;\n}\n.responsive #top #wrap_all .flex_column.av-73ap0-86ef3bc90b04bc000d1fa1fd9c43bf69{\nmargin-top:0px;\nmargin-bottom:0px;\n}\n<\/style>\n<div  class='flex_column av-73ap0-86ef3bc90b04bc000d1fa1fd9c43bf69 av_one_third  avia-builder-el-8  el_after_av_one_third  el_before_av_one_full  flex_column_div av-animated-generic bottom-to-top av-zero-column-padding  column-top-margin'     ><style type=\"text\/css\" data-created_by=\"avia_inline_auto\" id=\"style-css-av-lhq2d5wa-370c7e8ec8c58add3dc5f95ca7d49238\">\n.avia-image-container.av-lhq2d5wa-370c7e8ec8c58add3dc5f95ca7d49238 img.avia_image{\nbox-shadow:none;\n}\n.avia-image-container.av-lhq2d5wa-370c7e8ec8c58add3dc5f95ca7d49238 .av-image-caption-overlay-center{\ncolor:#ffffff;\n}\n<\/style>\n<div  class='avia-image-container av-lhq2d5wa-370c7e8ec8c58add3dc5f95ca7d49238 av-styling- avia-align-center  avia-builder-el-9  avia-builder-el-no-sibling '   itemprop=\"image\" itemscope=\"itemscope\" itemtype=\"https:\/\/schema.org\/ImageObject\" ><div class=\"avia-image-container-inner\"><div class=\"avia-image-overlay-wrap\"><img decoding=\"async\" fetchpriority=\"high\" class='wp-image-760 avia-img-lazy-loading-not-760 avia_image ' src=\"https:\/\/schniering.com\/wp-content\/uploads\/2023\/05\/B02_M4132Z08_054020.jpg\" alt='' title='M4132Z08B02_M4132Z08_054020.jpg'  height=\"1080\" width=\"1920\"  itemprop=\"thumbnailUrl\" srcset=\"https:\/\/schniering.com\/wp-content\/uploads\/2023\/05\/B02_M4132Z08_054020.jpg 1920w, https:\/\/schniering.com\/wp-content\/uploads\/2023\/05\/B02_M4132Z08_054020-300x169.jpg 300w, https:\/\/schniering.com\/wp-content\/uploads\/2023\/05\/B02_M4132Z08_054020-1030x579.jpg 1030w, https:\/\/schniering.com\/wp-content\/uploads\/2023\/05\/B02_M4132Z08_054020-768x432.jpg 768w, https:\/\/schniering.com\/wp-content\/uploads\/2023\/05\/B02_M4132Z08_054020-1536x864.jpg 1536w, https:\/\/schniering.com\/wp-content\/uploads\/2023\/05\/B02_M4132Z08_054020-1500x844.jpg 1500w, https:\/\/schniering.com\/wp-content\/uploads\/2023\/05\/B02_M4132Z08_054020-705x397.jpg 705w\" sizes=\"(max-width: 1920px) 100vw, 1920px\" \/><\/div><\/div><\/div><\/div>\n\n<style type=\"text\/css\" data-created_by=\"avia_inline_auto\" id=\"style-css-av-1cx1hg-50ce0f526867798576684a32b62e002b\">\n.flex_column.av-1cx1hg-50ce0f526867798576684a32b62e002b{\nborder-radius:0px 0px 0px 0px;\npadding:0px 0px 0px 0px;\n}\n<\/style>\n<div  class='flex_column av-1cx1hg-50ce0f526867798576684a32b62e002b av_one_full  avia-builder-el-10  el_after_av_one_third  el_before_av_one_full  first flex_column_div av-animated-generic bottom-to-top av-zero-column-padding  column-top-margin'     ><section  class='av_textblock_section av-xwtyc-4b1636c757a81d47e86220f6c07c6e46 '   itemscope=\"itemscope\" itemtype=\"https:\/\/schema.org\/CreativeWork\" ><div class='avia_textblock'  itemprop=\"text\" ><p>De plus, des prises de vue peuvent \u00eatre saisies par la cam\u00e9ra en arri\u00e8re, ce qui permet d&rsquo;avoir une vue de la situation \u00e0 l&rsquo;arri\u00e8re dans l&rsquo;espace routier. Les images du trajet sont utilis\u00e9es dans le cadre de l&rsquo;\u00e9valuation des donn\u00e9es d&rsquo;\u00e9tat ainsi que pour l&rsquo;\u00e9valuation des donn\u00e9es existantes, comme par exemple la saisie des signalisations ou des am\u00e9nagements. Elles constituent \u00e9galement une aide importante pour l&rsquo;analyse de la situation et la navigation virtuelle sur le poste de travail.<\/p>\n<\/div><\/section><\/div>\n\n<style type=\"text\/css\" data-created_by=\"avia_inline_auto\" id=\"style-css-av-1t3fj8-83d604802b7d6d0396ae42b72929d8d8\">\n.flex_column.av-1t3fj8-83d604802b7d6d0396ae42b72929d8d8{\nborder-width:1px;\nborder-color:#e1e1e1;\nborder-style:solid;\nborder-radius:0px 0px 0px 0px;\npadding:20px 20px 20px 20px;\nbackground-color:#fcfcfc;\n}\n<\/style>\n<div  class='flex_column av-1t3fj8-83d604802b7d6d0396ae42b72929d8d8 av_one_full  avia-builder-el-12  el_after_av_one_full  el_before_av_one_full  first flex_column_div av-animated-generic bottom-to-top  column-top-margin'     ><section  class='av_textblock_section av-1j98rg-a298642b52131256274ca01ef59b63c0 '   itemscope=\"itemscope\" itemtype=\"https:\/\/schema.org\/CreativeWork\" ><div class='avia_textblock'  itemprop=\"text\" ><p>Gr\u00e2ce aux optiques et aux temps d&rsquo;exposition choisis, les images peuvent \u00eatre saisies jusqu&rsquo;\u00e0 une vitesse de 100 km\/h sans qu&rsquo;il y ait de flou de mouvement. De m\u00eame, il est possible de mesurer dans les images, ce qui permet par exemple de d\u00e9terminer la largeur des voies de circulation ou de la piste cyclable. Toutes les donn\u00e9es d&rsquo;image sont synchronis\u00e9es avec pr\u00e9cision les unes par rapport aux autres et sont fournies dans une grille d&rsquo;enregistrement s\u00e9lectionnable (par d\u00e9faut 5 ou 10m) ou sous forme de vid\u00e9o. Pour la localisation des prises de vue, des indications de position sont entre autres enregistr\u00e9es dans l&rsquo;en-t\u00eate des images individuelles.<\/p>\n<p>La saisie des images de parcours est effectu\u00e9e conform\u00e9ment aux exigences du r\u00e8glement g\u00e9n\u00e9ral sur la protection des donn\u00e9es (RGPD). Cela comprend \u00e9galement l&rsquo;anonymisation des images en rendant les visages et les plaques d&rsquo;immatriculation m\u00e9connaissables. Il n&rsquo;y a pas de pixellisation de l&rsquo;ensemble de la personne ou du v\u00e9hicule, ce qui permet de conserver l&rsquo;utilisation illimit\u00e9e des images, en particulier dans l&rsquo;environnement communal.<\/p>\n<\/div><\/section><\/div>\n<style type=\"text\/css\" data-created_by=\"avia_inline_auto\" id=\"style-css-av-da52k-a0b39b0979bb582efec0cc0ac0dcad7e\">\n.flex_column.av-da52k-a0b39b0979bb582efec0cc0ac0dcad7e{\nborder-radius:0px 0px 0px 0px;\npadding:0px 0px 0px 0px;\n}\n<\/style>\n<div  class='flex_column av-da52k-a0b39b0979bb582efec0cc0ac0dcad7e av_one_full  avia-builder-el-14  el_after_av_one_full  el_before_av_one_half  first flex_column_div av-animated-generic bottom-to-top av-zero-column-padding  column-top-margin'     ><section  class='av_textblock_section av-6pfgs-69a607e5d207e83fe0bd31cc7af7bc6f '   itemscope=\"itemscope\" itemtype=\"https:\/\/schema.org\/CreativeWork\" ><div class='avia_textblock'  itemprop=\"text\" ><p>Dans le cadre de l\u2019auscultation des pistes cyclables, le v\u00e9hicule de mesure <strong>ARGUS<sup>\u00ae<\/sup>-Agil<\/strong> saisit des images d\u2019environnement d&rsquo;une cam\u00e9ra en avant et d&rsquo;une cam\u00e9ra en arri\u00e8re \u00e0 haute r\u00e9solution. Ces prises de vue ne pr\u00e9sentent pas non plus de flou de mouvement, une mesure dans les images est \u00e9galement possible.<\/p>\n<p>Comme pour les prises de vue du v\u00e9hicule de mesure <b>ARGUS<sup>\u00ae<\/sup><\/b>, les prises de vue de la cam\u00e9ra en arri\u00e8re sont synchronis\u00e9es avec celles de la cam\u00e9ra en avant gr\u00e2ce \u00e0 un d\u00e9calage dans la vue. Cela permet, pour un jeu d&rsquo;images, de voir par exemple un objet de deux points de vue d\u00e9cal\u00e9s de 180\u00b0.<\/p>\n<\/div><\/section><\/div><\/p>\n\n<style type=\"text\/css\" data-created_by=\"avia_inline_auto\" id=\"style-css-av-ptq0k-ef86cbd8ccd7dbff90f72b1b3372aa6a\">\n.flex_column.av-ptq0k-ef86cbd8ccd7dbff90f72b1b3372aa6a{\nwidth:49.5%;\nborder-radius:0px 0px 0px 0px;\npadding:0px 0px 0px 0px;\n}\n<\/style>\n<div  class='flex_column av-ptq0k-ef86cbd8ccd7dbff90f72b1b3372aa6a av_one_half  avia-builder-el-16  el_after_av_one_full  el_before_av_one_half  first flex_column_div av-animated-generic bottom-to-top av-zero-column-padding  column-top-margin'     ><style type=\"text\/css\" data-created_by=\"avia_inline_auto\" id=\"style-css-av-lhq2eu7n-945f0db7cd4b720b9a8bb86a77cce384\">\n.avia-image-container.av-lhq2eu7n-945f0db7cd4b720b9a8bb86a77cce384 img.avia_image{\nbox-shadow:none;\n}\n.avia-image-container.av-lhq2eu7n-945f0db7cd4b720b9a8bb86a77cce384 .av-image-caption-overlay-center{\ncolor:#ffffff;\n}\n<\/style>\n<div  class='avia-image-container av-lhq2eu7n-945f0db7cd4b720b9a8bb86a77cce384 av-styling- avia-align-center  avia-builder-el-17  avia-builder-el-no-sibling '   itemprop=\"image\" itemscope=\"itemscope\" itemtype=\"https:\/\/schema.org\/ImageObject\" ><div class=\"avia-image-container-inner\"><div class=\"avia-image-overlay-wrap\"><img decoding=\"async\" fetchpriority=\"high\" class='wp-image-764 avia-img-lazy-loading-not-764 avia_image ' src=\"https:\/\/schniering.com\/wp-content\/uploads\/2023\/05\/Radweg-Front-2.jpg\" alt='' title='Radweg Front 2'  height=\"439\" width=\"780\"  itemprop=\"thumbnailUrl\" srcset=\"https:\/\/schniering.com\/wp-content\/uploads\/2023\/05\/Radweg-Front-2.jpg 780w, https:\/\/schniering.com\/wp-content\/uploads\/2023\/05\/Radweg-Front-2-300x169.jpg 300w, https:\/\/schniering.com\/wp-content\/uploads\/2023\/05\/Radweg-Front-2-768x432.jpg 768w, https:\/\/schniering.com\/wp-content\/uploads\/2023\/05\/Radweg-Front-2-705x397.jpg 705w\" sizes=\"(max-width: 780px) 100vw, 780px\" \/><\/div><\/div><\/div><\/div>\n\n<style type=\"text\/css\" data-created_by=\"avia_inline_auto\" id=\"style-css-av-eszlw-d4369c2953369349ce2c246ac0a34562\">\n.flex_column.av-eszlw-d4369c2953369349ce2c246ac0a34562{\nwidth:49.5%;\nmargin-left:1%;\nborder-radius:0px 0px 0px 0px;\npadding:0px 0px 0px 0px;\n}\n<\/style>\n<div  class='flex_column av-eszlw-d4369c2953369349ce2c246ac0a34562 av_one_half  avia-builder-el-18  el_after_av_one_half  avia-builder-el-last  flex_column_div av-animated-generic bottom-to-top av-zero-column-padding  column-top-margin'     ><style type=\"text\/css\" data-created_by=\"avia_inline_auto\" id=\"style-css-av-pg04-de5a2c591eca67ebd8cca3b437ac35b9\">\n.avia-image-container.av-pg04-de5a2c591eca67ebd8cca3b437ac35b9 img.avia_image{\nbox-shadow:none;\n}\n.avia-image-container.av-pg04-de5a2c591eca67ebd8cca3b437ac35b9 .av-image-caption-overlay-center{\ncolor:#ffffff;\n}\n<\/style>\n<div  class='avia-image-container av-pg04-de5a2c591eca67ebd8cca3b437ac35b9 av-styling- avia-align-center  avia-builder-el-19  avia-builder-el-no-sibling '   itemprop=\"image\" itemscope=\"itemscope\" itemtype=\"https:\/\/schema.org\/ImageObject\" ><div class=\"avia-image-container-inner\"><div class=\"avia-image-overlay-wrap\"><img decoding=\"async\" fetchpriority=\"high\" class='wp-image-766 avia-img-lazy-loading-not-766 avia_image ' src=\"https:\/\/schniering.com\/wp-content\/uploads\/2023\/05\/Radweg-R\ufffdck-2.jpg\" alt='' title='Radweg R\ufffdck 2'  height=\"438\" width=\"779\"  itemprop=\"thumbnailUrl\" srcset=\"https:\/\/schniering.com\/wp-content\/uploads\/2023\/05\/Radweg-R\ufffdck-2.jpg 779w, https:\/\/schniering.com\/wp-content\/uploads\/2023\/05\/Radweg-R\ufffdck-2-300x169.jpg 300w, https:\/\/schniering.com\/wp-content\/uploads\/2023\/05\/Radweg-R\ufffdck-2-768x432.jpg 768w, https:\/\/schniering.com\/wp-content\/uploads\/2023\/05\/Radweg-R\ufffdck-2-705x396.jpg 705w\" sizes=\"(max-width: 779px) 100vw, 779px\" \/><\/div><\/div><\/div><\/div>\n","protected":false},"excerpt":{"rendered":"","protected":false},"author":1,"featured_media":0,"parent":0,"menu_order":0,"comment_status":"closed","ping_status":"closed","template":"","meta":{"footnotes":""},"class_list":["post-857","page","type-page","status-publish","hentry"],"_links":{"self":[{"href":"https:\/\/schniering.com\/fr\/wp-json\/wp\/v2\/pages\/857","targetHints":{"allow":["GET"]}}],"collection":[{"href":"https:\/\/schniering.com\/fr\/wp-json\/wp\/v2\/pages"}],"about":[{"href":"https:\/\/schniering.com\/fr\/wp-json\/wp\/v2\/types\/page"}],"author":[{"embeddable":true,"href":"https:\/\/schniering.com\/fr\/wp-json\/wp\/v2\/users\/1"}],"replies":[{"embeddable":true,"href":"https:\/\/schniering.com\/fr\/wp-json\/wp\/v2\/comments?post=857"}],"version-history":[{"count":3,"href":"https:\/\/schniering.com\/fr\/wp-json\/wp\/v2\/pages\/857\/revisions"}],"predecessor-version":[{"id":1365,"href":"https:\/\/schniering.com\/fr\/wp-json\/wp\/v2\/pages\/857\/revisions\/1365"}],"wp:attachment":[{"href":"https:\/\/schniering.com\/fr\/wp-json\/wp\/v2\/media?parent=857"}],"curies":[{"name":"wp","href":"https:\/\/api.w.org\/{rel}","templated":true}]}}