{"id":868,"date":"2023-05-16T12:54:37","date_gmt":"2023-05-16T10:54:37","guid":{"rendered":"http:\/\/753.schniering.com\/systemes-de-mesure-specifiques-aux-clients\/"},"modified":"2023-07-19T15:07:51","modified_gmt":"2023-07-19T13:07:51","slug":"systemes-de-mesure-specifiques-aux-clients","status":"publish","type":"page","link":"https:\/\/schniering.com\/fr\/systemes-de-mesure-specifiques-aux-clients\/","title":{"rendered":"Syst\u00e8mes de mesure sp\u00e9cifiques aux clients"},"content":{"rendered":"\n<style type=\"text\/css\" data-created_by=\"avia_inline_auto\" id=\"style-css-av-t45wi-5ae30abc1427cc876b84c439d930346a\">\n.flex_column.av-t45wi-5ae30abc1427cc876b84c439d930346a{\nborder-radius:0px 0px 0px 0px;\npadding:0px 0px 0px 0px;\n}\n<\/style>\n<div  class='flex_column av-t45wi-5ae30abc1427cc876b84c439d930346a av_one_full  avia-builder-el-0  el_before_av_one_full  avia-builder-el-first  first flex_column_div av-animated-generic bottom-to-top av-zero-column-padding  '     ><style type=\"text\/css\" data-created_by=\"avia_inline_auto\" id=\"style-css-av-1ythm-d287f94463248271411876376a360d85\">\n.avia-image-container.av-1ythm-d287f94463248271411876376a360d85 img.avia_image{\nbox-shadow:none;\n}\n.avia-image-container.av-1ythm-d287f94463248271411876376a360d85 .av-image-caption-overlay-center{\ncolor:#ffffff;\n}\n<\/style>\n<div  class='avia-image-container av-1ythm-d287f94463248271411876376a360d85 av-styling-no-styling avia-align-center  avia-builder-el-1  avia-builder-el-no-sibling '   itemprop=\"image\" itemscope=\"itemscope\" itemtype=\"https:\/\/schema.org\/ImageObject\" ><div class=\"avia-image-container-inner\"><div class=\"avia-image-overlay-wrap\"><img decoding=\"async\" fetchpriority=\"high\" class='wp-image-776 avia-img-lazy-loading-not-776 avia_image ' src=\"https:\/\/schniering.com\/wp-content\/uploads\/2023\/05\/kundenspezifische-messsysteme.jpg\" alt='' title='kundenspezifische-messsysteme'  height=\"465\" width=\"800\"  itemprop=\"thumbnailUrl\" srcset=\"https:\/\/schniering.com\/wp-content\/uploads\/2023\/05\/kundenspezifische-messsysteme.jpg 800w, https:\/\/schniering.com\/wp-content\/uploads\/2023\/05\/kundenspezifische-messsysteme-300x174.jpg 300w, https:\/\/schniering.com\/wp-content\/uploads\/2023\/05\/kundenspezifische-messsysteme-768x446.jpg 768w, https:\/\/schniering.com\/wp-content\/uploads\/2023\/05\/kundenspezifische-messsysteme-705x410.jpg 705w\" sizes=\"(max-width: 800px) 100vw, 800px\" \/><\/div><\/div><\/div><\/div>\n\n<style type=\"text\/css\" data-created_by=\"avia_inline_auto\" id=\"style-css-av-9vow2-a038c7f49f651b03c1bc8e3ab9eda007\">\n.flex_column.av-9vow2-a038c7f49f651b03c1bc8e3ab9eda007{\nborder-radius:0px 0px 0px 0px;\npadding:0px 0px 0px 0px;\n}\n<\/style>\n<div  class='flex_column av-9vow2-a038c7f49f651b03c1bc8e3ab9eda007 av_one_full  avia-builder-el-2  el_after_av_one_full  avia-builder-el-last  first flex_column_div av-animated-generic bottom-to-top av-zero-column-padding  column-top-margin'     ><p>\n<style type=\"text\/css\" data-created_by=\"avia_inline_auto\" id=\"style-css-av-35u276-89ae07a962f6a845e9e8255401111d94\">\n#top .av-special-heading.av-35u276-89ae07a962f6a845e9e8255401111d94{\npadding-bottom:0;\n}\nbody .av-special-heading.av-35u276-89ae07a962f6a845e9e8255401111d94 .av-special-heading-tag .heading-char{\nfont-size:25px;\n}\n.av-special-heading.av-35u276-89ae07a962f6a845e9e8255401111d94 .av-subheading{\nfont-size:15px;\n}\n<\/style>\n<div  class='av-special-heading av-35u276-89ae07a962f6a845e9e8255401111d94 av-special-heading-h1 blockquote modern-quote  avia-builder-el-3  el_before_av_hr  avia-builder-el-first '><h1 class='av-special-heading-tag '  itemprop=\"headline\"  >Syst\u00e8mes de mesure sp\u00e9cifiques aux clients<\/h1><div class=\"special-heading-border\"><div class=\"special-heading-inner-border\"><\/div><\/div><\/div><br \/>\n\n<style type=\"text\/css\" data-created_by=\"avia_inline_auto\" id=\"style-css-av-3140aa-ef09e3f1a424df9a531a6546076b3ed9\">\n#top .hr.av-3140aa-ef09e3f1a424df9a531a6546076b3ed9{\nmargin-top:10px;\nmargin-bottom:10px;\n}\n.hr.av-3140aa-ef09e3f1a424df9a531a6546076b3ed9 .hr-inner{\nwidth:50px;\nborder-color:#efbb20;\n}\n<\/style>\n<div  class='hr av-3140aa-ef09e3f1a424df9a531a6546076b3ed9 hr-custom  avia-builder-el-4  el_after_av_heading  el_before_av_textblock  hr-left hr-icon-no'><span class='hr-inner inner-border-av-border-fat'><span class=\"hr-inner-style\"><\/span><\/span><\/div><br \/>\n<section  class='av_textblock_section av-lhq5i1q2-c5d7fb23d85252fdded4763063d0633a '   itemscope=\"itemscope\" itemtype=\"https:\/\/schema.org\/CreativeWork\" ><div class='avia_textblock'  itemprop=\"text\" ><p>Notre savoir-faire approfondi et notre longue exp\u00e9rience dans la construction de syst\u00e8mes de mesure \u00e0 grande vitesse pour le relev\u00e9 d&rsquo;\u00e9tat nous permettent de concevoir et de fabriquer des syst\u00e8mes de mesure \u00e9galement sur commande du client. La gamme s&rsquo;\u00e9tend de la livraison de sous-syst\u00e8mes individuels \u00e0 des v\u00e9hicules op\u00e9rationnels et homologu\u00e9s par l\u2019Institut f\u00e9d\u00e9ral allemand de recherche routi\u00e8re (BASt).<br \/>\nNotre haut degr\u00e9 de standardisation et d&rsquo;int\u00e9gration verticale nous permet de traiter les commandes de mani\u00e8re efficace, tout en respectant les exigences du client.<\/p>\n<p>La plupart des logiciels d&rsquo;application utilis\u00e9s sur les v\u00e9hicules sont d\u00e9velopp\u00e9s en interne, ce qui garantit une grande flexibilit\u00e9 et une fiabilit\u00e9 \u00e9prouv\u00e9e dans la pratique.<\/p>\n<p>Les ressources de la division Technique des syst\u00e8mes mat\u00e9riels nous permettent de concevoir et de mettre en \u0153uvre des solutions adapt\u00e9es aux applications (lay-out de cartes, d\u00e9veloppement de micrologiciels, etc.). Si n\u00e9cessaire, les composants sont achet\u00e9s exclusivement aupr\u00e8s de fabricants renomm\u00e9s, et les travaux de commande tels que la construction de r\u00e9servoirs et de v\u00e9hicules ne sont confi\u00e9s qu&rsquo;\u00e0 des entreprises que nous connaissons et qui ont de l&rsquo;exp\u00e9rience dans le domaine concern\u00e9.<\/p>\n<p>\u00c9tant donn\u00e9 que chaque projet comporte des exigences diff\u00e9rentes, un \u00e9change intensif avec le client concern\u00e9 est n\u00e9cessaire avant l&rsquo;\u00e9tablissement de l&rsquo;offre. N&rsquo;h\u00e9sitez pas \u00e0 nous contacter, nous nous ferons un plaisir de r\u00e9pondre \u00e0 votre demande.<\/p>\n<\/div><\/section><\/p><\/div>\n","protected":false},"excerpt":{"rendered":"","protected":false},"author":1,"featured_media":0,"parent":0,"menu_order":0,"comment_status":"closed","ping_status":"closed","template":"","meta":{"footnotes":""},"class_list":["post-868","page","type-page","status-publish","hentry"],"_links":{"self":[{"href":"https:\/\/schniering.com\/fr\/wp-json\/wp\/v2\/pages\/868","targetHints":{"allow":["GET"]}}],"collection":[{"href":"https:\/\/schniering.com\/fr\/wp-json\/wp\/v2\/pages"}],"about":[{"href":"https:\/\/schniering.com\/fr\/wp-json\/wp\/v2\/types\/page"}],"author":[{"embeddable":true,"href":"https:\/\/schniering.com\/fr\/wp-json\/wp\/v2\/users\/1"}],"replies":[{"embeddable":true,"href":"https:\/\/schniering.com\/fr\/wp-json\/wp\/v2\/comments?post=868"}],"version-history":[{"count":0,"href":"https:\/\/schniering.com\/fr\/wp-json\/wp\/v2\/pages\/868\/revisions"}],"wp:attachment":[{"href":"https:\/\/schniering.com\/fr\/wp-json\/wp\/v2\/media?parent=868"}],"curies":[{"name":"wp","href":"https:\/\/api.w.org\/{rel}","templated":true}]}}