{"id":875,"date":"2023-05-16T13:53:23","date_gmt":"2023-05-16T11:53:23","guid":{"rendered":"http:\/\/753.schniering.com\/stradivari\/"},"modified":"2023-07-21T17:15:48","modified_gmt":"2023-07-21T15:15:48","slug":"stradivari","status":"publish","type":"page","link":"https:\/\/schniering.com\/fr\/stradivari\/","title":{"rendered":"STRADIVARI<sup>\u00ae<\/sup>"},"content":{"rendered":"\n<style type=\"text\/css\" data-created_by=\"avia_inline_auto\" id=\"style-css-av-t45wi-5ae30abc1427cc876b84c439d930346a\">\n.flex_column.av-t45wi-5ae30abc1427cc876b84c439d930346a{\nborder-radius:0px 0px 0px 0px;\npadding:0px 0px 0px 0px;\n}\n<\/style>\n<div  class='flex_column av-t45wi-5ae30abc1427cc876b84c439d930346a av_one_full  avia-builder-el-0  el_before_av_one_full  avia-builder-el-first  first flex_column_div av-animated-generic bottom-to-top av-zero-column-padding  '     ><style type=\"text\/css\" data-created_by=\"avia_inline_auto\" id=\"style-css-av-1ythm-c2317f804e66efcc2e46128e3c05b96a\">\n.avia-image-container.av-1ythm-c2317f804e66efcc2e46128e3c05b96a img.avia_image{\nbox-shadow:none;\n}\n.avia-image-container.av-1ythm-c2317f804e66efcc2e46128e3c05b96a .av-image-caption-overlay-center{\ncolor:#ffffff;\n}\n<\/style>\n<div  class='avia-image-container av-1ythm-c2317f804e66efcc2e46128e3c05b96a av-styling-no-styling avia-align-center  avia-builder-el-1  avia-builder-el-no-sibling '   itemprop=\"image\" itemscope=\"itemscope\" itemtype=\"https:\/\/schema.org\/ImageObject\" ><div class=\"avia-image-container-inner\"><div class=\"avia-image-overlay-wrap\"><img decoding=\"async\" fetchpriority=\"high\" class='wp-image-808 avia-img-lazy-loading-not-808 avia_image ' src=\"https:\/\/schniering.com\/wp-content\/uploads\/2023\/06\/stradivari-titel.jpg\" alt='' title='stradivari-titel'  height=\"1200\" width=\"1920\"  itemprop=\"thumbnailUrl\" srcset=\"https:\/\/schniering.com\/wp-content\/uploads\/2023\/06\/stradivari-titel.jpg 1920w, https:\/\/schniering.com\/wp-content\/uploads\/2023\/06\/stradivari-titel-300x188.jpg 300w, https:\/\/schniering.com\/wp-content\/uploads\/2023\/06\/stradivari-titel-1030x644.jpg 1030w, https:\/\/schniering.com\/wp-content\/uploads\/2023\/06\/stradivari-titel-768x480.jpg 768w, https:\/\/schniering.com\/wp-content\/uploads\/2023\/06\/stradivari-titel-1536x960.jpg 1536w, https:\/\/schniering.com\/wp-content\/uploads\/2023\/06\/stradivari-titel-1500x938.jpg 1500w, https:\/\/schniering.com\/wp-content\/uploads\/2023\/06\/stradivari-titel-705x441.jpg 705w\" sizes=\"(max-width: 1920px) 100vw, 1920px\" \/><\/div><\/div><\/div><\/div>\n\n<style type=\"text\/css\" data-created_by=\"avia_inline_auto\" id=\"style-css-av-9vow2-a038c7f49f651b03c1bc8e3ab9eda007\">\n.flex_column.av-9vow2-a038c7f49f651b03c1bc8e3ab9eda007{\nborder-radius:0px 0px 0px 0px;\npadding:0px 0px 0px 0px;\n}\n<\/style>\n<div  class='flex_column av-9vow2-a038c7f49f651b03c1bc8e3ab9eda007 av_one_full  avia-builder-el-2  el_after_av_one_full  el_before_av_one_full  first flex_column_div av-animated-generic bottom-to-top av-zero-column-padding  column-top-margin'     ><p>\n<style type=\"text\/css\" data-created_by=\"avia_inline_auto\" id=\"style-css-av-35u276-328944b7b60debf283b6ea7b74c3532f\">\n#top .av-special-heading.av-35u276-328944b7b60debf283b6ea7b74c3532f{\npadding-bottom:0;\n}\nbody .av-special-heading.av-35u276-328944b7b60debf283b6ea7b74c3532f .av-special-heading-tag .heading-char{\nfont-size:25px;\n}\n.av-special-heading.av-35u276-328944b7b60debf283b6ea7b74c3532f .av-subheading{\nfont-size:15px;\n}\n<\/style>\n<div  class='av-special-heading av-35u276-328944b7b60debf283b6ea7b74c3532f av-special-heading-h1 blockquote modern-quote  avia-builder-el-3  el_before_av_hr  avia-builder-el-first '><h1 class='av-special-heading-tag '  itemprop=\"headline\"  >STRADIVARI<sup>\u00ae<\/sup><\/h1><div class=\"special-heading-border\"><div class=\"special-heading-inner-border\"><\/div><\/div><\/div><br \/>\n\n<style type=\"text\/css\" data-created_by=\"avia_inline_auto\" id=\"style-css-av-3140aa-ef09e3f1a424df9a531a6546076b3ed9\">\n#top .hr.av-3140aa-ef09e3f1a424df9a531a6546076b3ed9{\nmargin-top:10px;\nmargin-bottom:10px;\n}\n.hr.av-3140aa-ef09e3f1a424df9a531a6546076b3ed9 .hr-inner{\nwidth:50px;\nborder-color:#efbb20;\n}\n<\/style>\n<div  class='hr av-3140aa-ef09e3f1a424df9a531a6546076b3ed9 hr-custom  avia-builder-el-4  el_after_av_heading  avia-builder-el-last  hr-left hr-icon-no'><span class='hr-inner inner-border-av-border-fat'><span class=\"hr-inner-style\"><\/span><\/span><\/div><\/p><\/div>\n\n<style type=\"text\/css\" data-created_by=\"avia_inline_auto\" id=\"style-css-av-fo5iq-77d9c5b9c76035dbcaa55ade79e258f0\">\n.flex_column.av-fo5iq-77d9c5b9c76035dbcaa55ade79e258f0{\nborder-radius:0px 0px 0px 0px;\npadding:0px 0px 0px 0px;\n}\n<\/style>\n<div  class='flex_column av-fo5iq-77d9c5b9c76035dbcaa55ade79e258f0 av_one_full  avia-builder-el-5  el_after_av_one_full  el_before_av_one_full  first flex_column_div av-animated-generic bottom-to-top av-zero-column-padding  column-top-margin'     ><section  class='av_textblock_section av-lhq7wyaj-8454d231ce0d7ffe70a46f7e76300b54 '   itemscope=\"itemscope\" itemtype=\"https:\/\/schema.org\/CreativeWork\" ><div class='avia_textblock'  itemprop=\"text\" ><p>Rendre les images d\u2018environnement et les donn\u00e9es de l\u2019auscultation rapidement et facilement accessibles &#8230;&#8230; tel \u00e9tait l&rsquo;objectif essentiel lors du d\u00e9veloppement du syst\u00e8me de programme STRADIVARI<sup>\u00ae<\/sup>. Le logiciel d\u00e9velopp\u00e9 en interne, de la version monoposte \u00e0 l&rsquo;application serveur, r\u00e9pond \u00e0 ces exigences. Fonctionnant sous le syst\u00e8me d&rsquo;exploitation Windows, les r\u00e9sultats saisis et pr\u00e9par\u00e9s d\u2019une auscultation sont mis \u00e0 la disposition du client sur un support de donn\u00e9es comme un disque dur. STRADIVARI<sup>\u00ae<\/sup> est ainsi directement utilisable, une installation n&rsquo;est pas n\u00e9cessaire.<\/p>\n<p>Les images d\u2019auscultation (image frontale, images lat\u00e9rales gauche\/droite, image de la cam\u00e9ra en arri\u00e8re et image de surface) peuvent \u00eatre appel\u00e9es en fonction du lieu et le tron\u00e7on concern\u00e9 peut \u00eatre parcouru virtuellement. Les images des cam\u00e9ras frontales et lat\u00e9rales peuvent \u00e9galement \u00eatre dispos\u00e9es ensemble pour former une image panoramique.<\/p>\n<p>Toutes les donn\u00e9es d&rsquo;image peuvent \u00eatre imprim\u00e9es ou transf\u00e9r\u00e9es dans d&rsquo;autres applications, comme par exemple MS Word.<\/p>\n<p>La s\u00e9lection du segment de route ou de l&rsquo;image de route \u00e0 observer peut se faire rapidement et simplement par un \u00ab\u00a0clic de souris\u00a0\u00bb sur le segment correspondant dans la repr\u00e9sentation cartographique du r\u00e9seau. Il est \u00e9galement possible de s\u00e9lectionner la route et le segment dans la liste de s\u00e9lection.<\/p>\n<\/div><\/section><\/div>\n<style type=\"text\/css\" data-created_by=\"avia_inline_auto\" id=\"style-css-av-6p9hi-97071125582cb9cd40f9066e4a167175\">\n.flex_column.av-6p9hi-97071125582cb9cd40f9066e4a167175{\nborder-radius:0px 0px 0px 0px;\npadding:0px 0px 0px 0px;\n}\n<\/style>\n<div  class='flex_column av-6p9hi-97071125582cb9cd40f9066e4a167175 av_one_full  avia-builder-el-7  el_after_av_one_full  el_before_av_one_half  first flex_column_div av-animated-generic bottom-to-top av-zero-column-padding  column-top-margin'     ><style type=\"text\/css\" data-created_by=\"avia_inline_auto\" id=\"style-css-av-lhq7rukl-c4016c7360b35fed95d0ba76e3ca92f5\">\n.avia-image-container.av-lhq7rukl-c4016c7360b35fed95d0ba76e3ca92f5 img.avia_image{\nbox-shadow:none;\n}\n.avia-image-container.av-lhq7rukl-c4016c7360b35fed95d0ba76e3ca92f5 .av-image-caption-overlay-center{\ncolor:#ffffff;\n}\n<\/style>\n<div  class='avia-image-container av-lhq7rukl-c4016c7360b35fed95d0ba76e3ca92f5 av-styling-no-styling avia-align-center  avia-builder-el-8  avia-builder-el-no-sibling '   itemprop=\"image\" itemscope=\"itemscope\" itemtype=\"https:\/\/schema.org\/ImageObject\" ><div class=\"avia-image-container-inner\"><div class=\"avia-image-overlay-wrap\"><img decoding=\"async\" fetchpriority=\"high\" class='wp-image-810 avia-img-lazy-loading-not-810 avia_image ' src=\"https:\/\/schniering.com\/wp-content\/uploads\/2023\/06\/stradivari-Karte_Zoom_Detail.jpg\" alt='' title='stradivari-Karte_Zoom_Detail'  height=\"648\" width=\"1500\"  itemprop=\"thumbnailUrl\" srcset=\"https:\/\/schniering.com\/wp-content\/uploads\/2023\/06\/stradivari-Karte_Zoom_Detail.jpg 1500w, https:\/\/schniering.com\/wp-content\/uploads\/2023\/06\/stradivari-Karte_Zoom_Detail-300x130.jpg 300w, https:\/\/schniering.com\/wp-content\/uploads\/2023\/06\/stradivari-Karte_Zoom_Detail-1030x445.jpg 1030w, https:\/\/schniering.com\/wp-content\/uploads\/2023\/06\/stradivari-Karte_Zoom_Detail-768x332.jpg 768w, https:\/\/schniering.com\/wp-content\/uploads\/2023\/06\/stradivari-Karte_Zoom_Detail-705x305.jpg 705w\" sizes=\"(max-width: 1500px) 100vw, 1500px\" \/><\/div><\/div><\/div><\/div><\/p>\n\n<style type=\"text\/css\" data-created_by=\"avia_inline_auto\" id=\"style-css-av-e8wm2-3375ef71f2d96de3eea7db5e5d816ca5\">\n.flex_column.av-e8wm2-3375ef71f2d96de3eea7db5e5d816ca5{\nborder-width:1px;\nborder-color:#e1e1e1;\nborder-style:solid;\nborder-radius:0px 0px 0px 0px;\npadding:20px 20px 20px 20px;\nbackground-color:#fcfcfc;\n}\n<\/style>\n<div  class='flex_column av-e8wm2-3375ef71f2d96de3eea7db5e5d816ca5 av_one_half  avia-builder-el-9  el_after_av_one_full  el_before_av_one_half  first flex_column_div av-animated-generic bottom-to-top  column-top-margin'     ><section  class='av_textblock_section av-bg62i-becae79ccde9ae676b97507387f55c0f '   itemscope=\"itemscope\" itemtype=\"https:\/\/schema.org\/CreativeWork\" ><div class='avia_textblock'  itemprop=\"text\" ><p>Les sch\u00e9mas itin\u00e9raires et de donn\u00e9es brutes repr\u00e9sentent des valeurs d&rsquo;auscultation ou des notes s\u00e9lectionn\u00e9es et permettent une analyse d\u00e9taill\u00e9e des tron\u00e7ons saisis. Les sch\u00e9mas itin\u00e9raires et de donn\u00e9es brutes respectives peuvent \u00eatre imprim\u00e9es sous forme num\u00e9rique (fichier pdf) ou sur papier, une impression en continu \u00e9tant possible. Chaque impression est accompagn\u00e9e d&rsquo;une l\u00e9gende dans laquelle des logos et des noms de projets individuels peuvent \u00eatre int\u00e9gr\u00e9s.<\/p>\n<\/div><\/section><\/div>\n\n<style type=\"text\/css\" data-created_by=\"avia_inline_auto\" id=\"style-css-av-rc9yo-1753a6d13631f312f3d328dcba27cac8\">\n.flex_column.av-rc9yo-1753a6d13631f312f3d328dcba27cac8{\nborder-radius:0px 0px 0px 0px;\npadding:0px 0px 0px 0px;\n}\n<\/style>\n<div  class='flex_column av-rc9yo-1753a6d13631f312f3d328dcba27cac8 av_one_half  avia-builder-el-11  el_after_av_one_half  el_before_av_one_half  flex_column_div av-animated-generic bottom-to-top av-zero-column-padding  column-top-margin'     ><style type=\"text\/css\" data-created_by=\"avia_inline_auto\" id=\"style-css-av-iu3l4-fdf35fd3d12f2c175eb365d53d2680f2\">\n.avia-image-container.av-iu3l4-fdf35fd3d12f2c175eb365d53d2680f2 img.avia_image{\nbox-shadow:none;\n}\n.avia-image-container.av-iu3l4-fdf35fd3d12f2c175eb365d53d2680f2 .av-image-caption-overlay-center{\ncolor:#ffffff;\n}\n<\/style>\n<div  class='avia-image-container av-iu3l4-fdf35fd3d12f2c175eb365d53d2680f2 av-styling- av-img-linked avia-align-center  avia-builder-el-12  avia-builder-el-no-sibling '   itemprop=\"image\" itemscope=\"itemscope\" itemtype=\"https:\/\/schema.org\/ImageObject\" ><div class=\"avia-image-container-inner\"><div class=\"avia-image-overlay-wrap\"><a href=\"https:\/\/schniering.com\/wp-content\/uploads\/2023\/06\/Steckenband-1030x644.jpg\" data-srcset=\"https:\/\/schniering.com\/wp-content\/uploads\/2023\/06\/Steckenband-1030x644.jpg 1030w, https:\/\/schniering.com\/wp-content\/uploads\/2023\/06\/Steckenband-300x188.jpg 300w, https:\/\/schniering.com\/wp-content\/uploads\/2023\/06\/Steckenband-768x480.jpg 768w, https:\/\/schniering.com\/wp-content\/uploads\/2023\/06\/Steckenband-705x441.jpg 705w, https:\/\/schniering.com\/wp-content\/uploads\/2023\/06\/Steckenband.jpg 1500w\" data-sizes=\"(max-width: 1030px) 100vw, 1030px\" class='avia_image '  aria-label='Steckenband'><img decoding=\"async\" fetchpriority=\"high\" class='wp-image-812 avia-img-lazy-loading-not-812 avia_image ' src=\"https:\/\/schniering.com\/wp-content\/uploads\/2023\/06\/Steckenband.jpg\" alt='' title='Steckenband'  height=\"938\" width=\"1500\"  itemprop=\"thumbnailUrl\" srcset=\"https:\/\/schniering.com\/wp-content\/uploads\/2023\/06\/Steckenband.jpg 1500w, https:\/\/schniering.com\/wp-content\/uploads\/2023\/06\/Steckenband-300x188.jpg 300w, https:\/\/schniering.com\/wp-content\/uploads\/2023\/06\/Steckenband-1030x644.jpg 1030w, https:\/\/schniering.com\/wp-content\/uploads\/2023\/06\/Steckenband-768x480.jpg 768w, https:\/\/schniering.com\/wp-content\/uploads\/2023\/06\/Steckenband-705x441.jpg 705w\" sizes=\"(max-width: 1500px) 100vw, 1500px\" \/><\/a><\/div><\/div><\/div><\/div>\n\n<style type=\"text\/css\" data-created_by=\"avia_inline_auto\" id=\"style-css-av-d18ao-8937396cf9c596a937dc455f4ba69f25\">\n.flex_column.av-d18ao-8937396cf9c596a937dc455f4ba69f25{\nborder-radius:0px 0px 0px 0px;\npadding:0px 0px 0px 0px;\n}\n<\/style>\n<div  class='flex_column av-d18ao-8937396cf9c596a937dc455f4ba69f25 av_one_half  avia-builder-el-13  el_after_av_one_half  el_before_av_one_half  first flex_column_div av-animated-generic bottom-to-top av-zero-column-padding  column-top-margin'     ><style type=\"text\/css\" data-created_by=\"avia_inline_auto\" id=\"style-css-av-7oghc-fb03f1f5e9f7c261ed39e1c11d81c4e7\">\n.avia-image-container.av-7oghc-fb03f1f5e9f7c261ed39e1c11d81c4e7 img.avia_image{\nbox-shadow:none;\n}\n.avia-image-container.av-7oghc-fb03f1f5e9f7c261ed39e1c11d81c4e7 .av-image-caption-overlay-center{\ncolor:#ffffff;\n}\n<\/style>\n<div  class='avia-image-container av-7oghc-fb03f1f5e9f7c261ed39e1c11d81c4e7 av-styling- av-img-linked avia-align-center  avia-builder-el-14  avia-builder-el-no-sibling '   itemprop=\"image\" itemscope=\"itemscope\" itemtype=\"https:\/\/schema.org\/ImageObject\" ><div class=\"avia-image-container-inner\"><div class=\"avia-image-overlay-wrap\"><a href=\"https:\/\/schniering.com\/wp-content\/uploads\/2023\/06\/Verteilung-1030x644.jpg\" data-srcset=\"https:\/\/schniering.com\/wp-content\/uploads\/2023\/06\/Verteilung-1030x644.jpg 1030w, https:\/\/schniering.com\/wp-content\/uploads\/2023\/06\/Verteilung-300x188.jpg 300w, https:\/\/schniering.com\/wp-content\/uploads\/2023\/06\/Verteilung-768x480.jpg 768w, https:\/\/schniering.com\/wp-content\/uploads\/2023\/06\/Verteilung-705x441.jpg 705w, https:\/\/schniering.com\/wp-content\/uploads\/2023\/06\/Verteilung.jpg 1500w\" data-sizes=\"(max-width: 1030px) 100vw, 1030px\" class='avia_image '  aria-label='Verteilung'><img decoding=\"async\" fetchpriority=\"high\" class='wp-image-814 avia-img-lazy-loading-not-814 avia_image ' src=\"https:\/\/schniering.com\/wp-content\/uploads\/2023\/06\/Verteilung.jpg\" alt='' title='Verteilung'  height=\"938\" width=\"1500\"  itemprop=\"thumbnailUrl\" srcset=\"https:\/\/schniering.com\/wp-content\/uploads\/2023\/06\/Verteilung.jpg 1500w, https:\/\/schniering.com\/wp-content\/uploads\/2023\/06\/Verteilung-300x188.jpg 300w, https:\/\/schniering.com\/wp-content\/uploads\/2023\/06\/Verteilung-1030x644.jpg 1030w, https:\/\/schniering.com\/wp-content\/uploads\/2023\/06\/Verteilung-768x480.jpg 768w, https:\/\/schniering.com\/wp-content\/uploads\/2023\/06\/Verteilung-705x441.jpg 705w\" sizes=\"(max-width: 1500px) 100vw, 1500px\" \/><\/a><\/div><\/div><\/div><\/div>\n\n<style type=\"text\/css\" data-created_by=\"avia_inline_auto\" id=\"style-css-av-89mts-7719d575807b226610680a72391aba09\">\n.flex_column.av-89mts-7719d575807b226610680a72391aba09{\nborder-width:1px;\nborder-color:#e1e1e1;\nborder-style:solid;\nborder-radius:0px 0px 0px 0px;\npadding:20px 20px 20px 20px;\nbackground-color:#fcfcfc;\n}\n<\/style>\n<div  class='flex_column av-89mts-7719d575807b226610680a72391aba09 av_one_half  avia-builder-el-15  el_after_av_one_half  avia-builder-el-last  flex_column_div av-animated-generic bottom-to-top  column-top-margin'     ><section  class='av_textblock_section av-b296-21cbd3a71248bc3fc1deafdd5d29b347 '   itemscope=\"itemscope\" itemtype=\"https:\/\/schema.org\/CreativeWork\" ><div class='avia_textblock'  itemprop=\"text\" ><p>Les distributions de fr\u00e9quence montrent la r\u00e9partition en pourcentage de la note globale, des notes partielles ou des valeurs d&rsquo;\u00e9tat individuelles d&rsquo;un tron\u00e7on dans la zone s\u00e9lectionn\u00e9e. Cela permet entre autres de mettre en \u00e9vidence les besoins d&rsquo;entretien de mani\u00e8re simple et compr\u00e9hensible et de comparer diff\u00e9rents tron\u00e7ons entre eux de mani\u00e8re normalis\u00e9e.<\/p>\n<\/div><\/section><\/div>\n","protected":false},"excerpt":{"rendered":"","protected":false},"author":1,"featured_media":0,"parent":0,"menu_order":0,"comment_status":"closed","ping_status":"closed","template":"","meta":{"footnotes":""},"class_list":["post-875","page","type-page","status-publish","hentry"],"_links":{"self":[{"href":"https:\/\/schniering.com\/fr\/wp-json\/wp\/v2\/pages\/875","targetHints":{"allow":["GET"]}}],"collection":[{"href":"https:\/\/schniering.com\/fr\/wp-json\/wp\/v2\/pages"}],"about":[{"href":"https:\/\/schniering.com\/fr\/wp-json\/wp\/v2\/types\/page"}],"author":[{"embeddable":true,"href":"https:\/\/schniering.com\/fr\/wp-json\/wp\/v2\/users\/1"}],"replies":[{"embeddable":true,"href":"https:\/\/schniering.com\/fr\/wp-json\/wp\/v2\/comments?post=875"}],"version-history":[{"count":0,"href":"https:\/\/schniering.com\/fr\/wp-json\/wp\/v2\/pages\/875\/revisions"}],"wp:attachment":[{"href":"https:\/\/schniering.com\/fr\/wp-json\/wp\/v2\/media?parent=875"}],"curies":[{"name":"wp","href":"https:\/\/api.w.org\/{rel}","templated":true}]}}