{"id":969,"date":"2015-10-15T15:32:40","date_gmt":"2015-10-15T13:32:40","guid":{"rendered":"http:\/\/753.schniering.com\/acces\/"},"modified":"2023-07-12T15:52:54","modified_gmt":"2023-07-12T13:52:54","slug":"acces","status":"publish","type":"page","link":"https:\/\/schniering.com\/fr\/acces\/","title":{"rendered":"Acc\u00e8s"},"content":{"rendered":"\n<style type=\"text\/css\" data-created_by=\"avia_inline_auto\" id=\"style-css-av-9gxxr-744c5c768b84f226bbe70c843208966b\">\n.flex_column.av-9gxxr-744c5c768b84f226bbe70c843208966b{\nborder-radius:0px 0px 0px 0px;\npadding:0px 0px 0px 0px;\n}\n<\/style>\n<div  class='flex_column av-9gxxr-744c5c768b84f226bbe70c843208966b av_two_third  avia-builder-el-0  el_before_av_one_third  avia-builder-el-first  first flex_column_div av-animated-generic bottom-to-top av-zero-column-padding  '     ><p>\n<style type=\"text\/css\" data-created_by=\"avia_inline_auto\" id=\"style-css-av-144jf-1c46418132c27bd329ed19bf79e7ff62\">\n#top .av-special-heading.av-144jf-1c46418132c27bd329ed19bf79e7ff62{\npadding-bottom:0;\n}\nbody .av-special-heading.av-144jf-1c46418132c27bd329ed19bf79e7ff62 .av-special-heading-tag .heading-char{\nfont-size:25px;\n}\n.av-special-heading.av-144jf-1c46418132c27bd329ed19bf79e7ff62 .av-subheading{\nfont-size:15px;\n}\n<\/style>\n<div  class='av-special-heading av-144jf-1c46418132c27bd329ed19bf79e7ff62 av-special-heading-h3 blockquote modern-quote  avia-builder-el-1  el_before_av_hr  avia-builder-el-first '><h3 class='av-special-heading-tag '  itemprop=\"headline\"  >Acc\u00e8s<\/h3><div class=\"special-heading-border\"><div class=\"special-heading-inner-border\"><\/div><\/div><\/div><br \/>\n\n<style type=\"text\/css\" data-created_by=\"avia_inline_auto\" id=\"style-css-av-86z5j-494c3460ab1503f8f9c67afed940cdef\">\n#top .hr.av-86z5j-494c3460ab1503f8f9c67afed940cdef{\nmargin-top:10px;\nmargin-bottom:10px;\n}\n.hr.av-86z5j-494c3460ab1503f8f9c67afed940cdef .hr-inner{\nwidth:50px;\nborder-color:#d1742f;\n}\n<\/style>\n<div  class='hr av-86z5j-494c3460ab1503f8f9c67afed940cdef hr-custom  avia-builder-el-2  el_after_av_heading  el_before_av_textblock  hr-left hr-icon-no'><span class='hr-inner inner-border-av-border-fat'><span class=\"hr-inner-style\"><\/span><\/span><\/div><br \/>\n<section  class='av_textblock_section av-29k7f-b1b567606345b0583ccbbc5cc836cc88 '   itemscope=\"itemscope\" itemtype=\"https:\/\/schema.org\/CreativeWork\" ><div class='avia_textblock'  itemprop=\"text\" ><p><strong>En train<\/strong><\/p>\n<ul>\n<li>De l&rsquo;arr\u00eat num\u00e9ro 12 \u00e0 la gare centrale d&rsquo;Essen, prendre le bus de la ligne 166 en direction de \u00ab\u00a0Dellwig Bahnhof\u00a0\u00bb. Le trajet dure environ 18 minutes.<\/li>\n<li>Descendre \u00e0 l&rsquo;arr\u00eat \u00ab\u00a0Heegstra\u00dfe\u00a0\u00bb.<\/li>\n<li>Retournez dans la \u00ab Alte Bottroper Stra\u00dfe \u00bb dans le sens inverse du bus.<\/li>\n<li>Apr\u00e8s environ 50 m, tournez \u00e0 gauche dans la \u00ab Heegstra\u00dfe \u00bb.<\/li>\n<\/ul>\n<\/div><\/section><\/p><\/div>\n<style type=\"text\/css\" data-created_by=\"avia_inline_auto\" id=\"style-css-av-46067-5cfa83b9bfc4722d32a27605ee8da038\">\n.flex_column.av-46067-5cfa83b9bfc4722d32a27605ee8da038{\nborder-radius:0px 0px 0px 0px;\npadding:0px 0px 0px 0px;\n}\n<\/style>\n<div  class='flex_column av-46067-5cfa83b9bfc4722d32a27605ee8da038 av_one_third  avia-builder-el-4  el_after_av_two_third  avia-builder-el-last  flex_column_div av-animated-generic bottom-to-top av-zero-column-padding  '     ><p>\n<style type=\"text\/css\" data-created_by=\"avia_inline_auto\" id=\"style-css-av-v9xz-b497148c2cdb9b1ad7171b24a8c777f5\">\n#top .av-special-heading.av-v9xz-b497148c2cdb9b1ad7171b24a8c777f5{\npadding-bottom:0;\n}\nbody .av-special-heading.av-v9xz-b497148c2cdb9b1ad7171b24a8c777f5 .av-special-heading-tag .heading-char{\nfont-size:25px;\n}\n.av-special-heading.av-v9xz-b497148c2cdb9b1ad7171b24a8c777f5 .av-subheading{\nfont-size:15px;\n}\n<\/style>\n<div  class='av-special-heading av-v9xz-b497148c2cdb9b1ad7171b24a8c777f5 av-special-heading-h3 blockquote modern-quote  avia-builder-el-5  el_before_av_hr  avia-builder-el-first '><h3 class='av-special-heading-tag '  itemprop=\"headline\"  >Contactez-nous<\/h3><div class=\"special-heading-border\"><div class=\"special-heading-inner-border\"><\/div><\/div><\/div><br \/>\n\n<style type=\"text\/css\" data-created_by=\"avia_inline_auto\" id=\"style-css-av-jgn-4dcd14055f173f1d943a58def6572ea0\">\n#top .hr.av-jgn-4dcd14055f173f1d943a58def6572ea0{\nmargin-top:10px;\nmargin-bottom:10px;\n}\n.hr.av-jgn-4dcd14055f173f1d943a58def6572ea0 .hr-inner{\nwidth:50px;\nborder-color:#d1742f;\n}\n<\/style>\n<div  class='hr av-jgn-4dcd14055f173f1d943a58def6572ea0 hr-custom  avia-builder-el-6  el_after_av_heading  el_before_av_textblock  hr-left hr-icon-no'><span class='hr-inner inner-border-av-border-fat'><span class=\"hr-inner-style\"><\/span><\/span><\/div><br \/>\n<section  class='av_textblock_section av-ssz7-a48543e0aee38d6b25a057152d929451 '   itemscope=\"itemscope\" itemtype=\"https:\/\/schema.org\/CreativeWork\" ><div class='avia_textblock'  itemprop=\"text\" ><p><strong>Adresse:<\/strong><\/p>\n<p>Schniering GmbH<br \/>\nHeegstr. 60<br \/>\nD-45356 Essen<\/p>\n<\/div><\/section><\/p><\/div><\/p>\n","protected":false},"excerpt":{"rendered":"","protected":false},"author":1,"featured_media":0,"parent":0,"menu_order":0,"comment_status":"closed","ping_status":"closed","template":"","meta":{"footnotes":""},"class_list":["post-969","page","type-page","status-publish","hentry"],"_links":{"self":[{"href":"https:\/\/schniering.com\/fr\/wp-json\/wp\/v2\/pages\/969","targetHints":{"allow":["GET"]}}],"collection":[{"href":"https:\/\/schniering.com\/fr\/wp-json\/wp\/v2\/pages"}],"about":[{"href":"https:\/\/schniering.com\/fr\/wp-json\/wp\/v2\/types\/page"}],"author":[{"embeddable":true,"href":"https:\/\/schniering.com\/fr\/wp-json\/wp\/v2\/users\/1"}],"replies":[{"embeddable":true,"href":"https:\/\/schniering.com\/fr\/wp-json\/wp\/v2\/comments?post=969"}],"version-history":[{"count":0,"href":"https:\/\/schniering.com\/fr\/wp-json\/wp\/v2\/pages\/969\/revisions"}],"wp:attachment":[{"href":"https:\/\/schniering.com\/fr\/wp-json\/wp\/v2\/media?parent=969"}],"curies":[{"name":"wp","href":"https:\/\/api.w.org\/{rel}","templated":true}]}}